

{"id":131,"date":"2017-10-02T19:18:17","date_gmt":"2017-10-02T17:18:17","guid":{"rendered":"https:\/\/synpaflex.irisa.fr\/?page_id=131"},"modified":"2018-01-15T14:56:57","modified_gmt":"2018-01-15T13:56:57","slug":"corpus","status":"publish","type":"page","link":"http:\/\/synpaflex.irisa.fr\/fr\/corpus\/","title":{"rendered":"Corpus"},"content":{"rendered":"<p><\/p>\n<h1><span style=\"color: #333399;\">Description<br \/>\n<\/span><\/h1>\n<p align=\"justify\">\nCette page pr\u00e9sente un corpus de livres-audios en fran\u00e7ais compos\u00e9 de 87 heures de parole de bonne qualit\u00e9, enregistr\u00e9 par une unique locutrice. Il est constitu\u00e9 d&rsquo;un ensemble de livres de diff\u00e9rents genres. Ce corpus diff\u00e8re des corpus existants, constitu\u00e9s g\u00e9n\u00e9ralement de quelques heures de parole mono-genre et multi-locuteurs. La motivation principale pour construire un tel corpus est l&rsquo;exploration de l&rsquo;expressivit\u00e9 \u00e0 travers diff\u00e9rents points de vue, tels que le style de discours, la prosodie, la prononciation, et en utilisant diff\u00e9rents niveaux d&rsquo;analyse (syllabe, mot prosodique ou lexical, groupe syntaxique ou prosodique, phrase, paragraphe). Cela permettra de d\u00e9velopper des mod\u00e8les autorisant un meilleur contr\u00f4le de l&rsquo;expressivit\u00e9 en synth\u00e8se de parole, ou d&rsquo;adapter la prononciation et la prosodie au type de discours (changement dans la perspective du discours, style direct\/indirect, etc.). A cette fin, le corpus a \u00e9t\u00e9 annot\u00e9 automatiquement et fournit des informations telles que les labels et fronti\u00e8res de phones, les syllabes, les mots et les \u00e9tiquettes morpho-syntaxiques. De plus, une part significative du corpus a \u00e9t\u00e9 annot\u00e9 manuellement pour encoder le style direct\/indirect et des informations d&rsquo;ordre \u00e9motionnel.\n<\/p>\n<h1><span style=\"color: #333399;\">Extraits de livres audios<br \/>\n<\/span><\/h1>\n<table style=\"height: 158px;\" width=\"435\" align=\"center\">\n<tbody>\n<tr>\n<td>Example 1 (roman):<\/td>\n<td><audio class=\"wp-audio-shortcode\" id=\"audio-131-8\" preload=\"none\" style=\"width: 300px;\" controls=\"controls\"><source type=\"audio\/wav\" src=\"https:\/\/synpaflex.irisa.fr\/files\/2017\/10\/hugo_miserables_03_04.wav?_=8\" \/><a href=\"https:\/\/synpaflex.irisa.fr\/files\/2017\/10\/hugo_miserables_03_04.wav\">https:\/\/synpaflex.irisa.fr\/files\/2017\/10\/hugo_miserables_03_04.wav<\/a><\/audio><\/td>\n<\/tr>\n<tr>\n<td>Exemple 2 (fable):<\/td>\n<td><audio class=\"wp-audio-shortcode\" id=\"audio-131-9\" preload=\"none\" style=\"width: 300px;\" controls=\"controls\"><source type=\"audio\/wav\" src=\"https:\/\/synpaflex.irisa.fr\/files\/2017\/10\/fableslafontaine_10_08.wav?_=9\" \/><a href=\"https:\/\/synpaflex.irisa.fr\/files\/2017\/10\/fableslafontaine_10_08.wav\">https:\/\/synpaflex.irisa.fr\/files\/2017\/10\/fableslafontaine_10_08.wav<\/a><\/audio><\/td>\n<\/tr>\n<tr>\n<td>Exemple 3 (po\u00e8me):<\/td>\n<td><audio class=\"wp-audio-shortcode\" id=\"audio-131-10\" preload=\"none\" style=\"width: 300px;\" controls=\"controls\"><source type=\"audio\/wav\" src=\"https:\/\/synpaflex.irisa.fr\/files\/2017\/10\/poeme_dormeurduval_01.wav?_=10\" \/><a href=\"https:\/\/synpaflex.irisa.fr\/files\/2017\/10\/poeme_dormeurduval_01.wav\">https:\/\/synpaflex.irisa.fr\/files\/2017\/10\/poeme_dormeurduval_01.wav<\/a><\/audio><\/td>\n<\/tr>\n<\/tbody>\n<\/table>\n<h1><span style=\"color: #333399;\">Exemples synth\u00e9tis\u00e9s<br \/>\n<\/span><\/h1>\n<p>Those samples are synthesized using the full corpus and our unit selection system.<\/p>\n<h2 style=\"padding-left: 60px;\"><span style=\"color: #008080;\">Exemples courts :<\/span><\/h2>\n<table width=\"390\" align=\"center\">\n<tbody>\n<tr>\n<td>Exemple 1:<\/td>\n<td><audio class=\"wp-audio-shortcode\" id=\"audio-131-11\" preload=\"none\" style=\"width: 300px;\" controls=\"controls\"><source type=\"audio\/wav\" src=\"https:\/\/synpaflex.irisa.fr\/files\/2017\/10\/podalydes-1.wav?_=11\" \/><a href=\"https:\/\/synpaflex.irisa.fr\/files\/2017\/10\/podalydes-1.wav\">https:\/\/synpaflex.irisa.fr\/files\/2017\/10\/podalydes-1.wav<\/a><\/audio><\/td>\n<\/tr>\n<tr>\n<td>Exemple 2:<\/td>\n<td><audio class=\"wp-audio-shortcode\" id=\"audio-131-12\" preload=\"none\" style=\"width: 300px;\" controls=\"controls\"><source type=\"audio\/wav\" src=\"https:\/\/synpaflex.irisa.fr\/files\/2017\/10\/combescure-4.wav?_=12\" \/><a href=\"https:\/\/synpaflex.irisa.fr\/files\/2017\/10\/combescure-4.wav\">https:\/\/synpaflex.irisa.fr\/files\/2017\/10\/combescure-4.wav<\/a><\/audio><\/td>\n<\/tr>\n<tr>\n<td>Exemple 3:<\/td>\n<td><audio class=\"wp-audio-shortcode\" id=\"audio-131-13\" preload=\"none\" style=\"width: 300px;\" controls=\"controls\"><source type=\"audio\/wav\" src=\"https:\/\/synpaflex.irisa.fr\/files\/2017\/10\/combescure-1.wav?_=13\" \/><a href=\"https:\/\/synpaflex.irisa.fr\/files\/2017\/10\/combescure-1.wav\">https:\/\/synpaflex.irisa.fr\/files\/2017\/10\/combescure-1.wav<\/a><\/audio><\/td>\n<\/tr>\n<\/tbody>\n<\/table>\n<h2 style=\"padding-left: 60px;\"><span style=\"color: #008080;\">Exemple long extrait d&rsquo;un conte :<br \/>\n<\/span><\/h2>\n<table width=\"389\" align=\"center\">\n<tbody>\n<tr>\n<td>Exemple 1:<\/td>\n<td><audio class=\"wp-audio-shortcode\" id=\"audio-131-14\" preload=\"none\" style=\"width: 300px;\" controls=\"controls\"><source type=\"audio\/wav\" src=\"https:\/\/synpaflex.irisa.fr\/files\/2017\/10\/conte-3.wav?_=14\" \/><a href=\"https:\/\/synpaflex.irisa.fr\/files\/2017\/10\/conte-3.wav\">https:\/\/synpaflex.irisa.fr\/files\/2017\/10\/conte-3.wav<\/a><\/audio><\/td>\n<\/tr>\n<\/tbody>\n<\/table>\n<p><\/p>","protected":false},"excerpt":{"rendered":"<p>Description Cette page pr\u00e9sente un corpus de livres-audios en fran\u00e7ais compos\u00e9 de 87 heures de parole de bonne qualit\u00e9, enregistr\u00e9 par une unique locutrice. Il est constitu\u00e9 d&rsquo;un ensemble de livres de diff\u00e9rents genres. Ce corpus diff\u00e8re des corpus existants, constitu\u00e9s g\u00e9n\u00e9ralement de quelques heures de parole mono-genre et multi-locuteurs. La motivation principale pour construire &hellip; <\/p>\n<p><a class=\"more-link btn\" href=\"http:\/\/synpaflex.irisa.fr\/fr\/corpus\/\">Lire la suite<\/a><\/p>\n","protected":false},"author":906,"featured_media":0,"parent":0,"menu_order":0,"comment_status":"closed","ping_status":"closed","template":"","meta":{"footnotes":""},"class_list":["post-131","page","type-page","status-publish","hentry","nodate","item-wrap"],"_links":{"self":[{"href":"http:\/\/synpaflex.irisa.fr\/fr\/wp-json\/wp\/v2\/pages\/131","targetHints":{"allow":["GET"]}}],"collection":[{"href":"http:\/\/synpaflex.irisa.fr\/fr\/wp-json\/wp\/v2\/pages"}],"about":[{"href":"http:\/\/synpaflex.irisa.fr\/fr\/wp-json\/wp\/v2\/types\/page"}],"author":[{"embeddable":true,"href":"http:\/\/synpaflex.irisa.fr\/fr\/wp-json\/wp\/v2\/users\/906"}],"replies":[{"embeddable":true,"href":"http:\/\/synpaflex.irisa.fr\/fr\/wp-json\/wp\/v2\/comments?post=131"}],"version-history":[{"count":15,"href":"http:\/\/synpaflex.irisa.fr\/fr\/wp-json\/wp\/v2\/pages\/131\/revisions"}],"predecessor-version":[{"id":158,"href":"http:\/\/synpaflex.irisa.fr\/fr\/wp-json\/wp\/v2\/pages\/131\/revisions\/158"}],"wp:attachment":[{"href":"http:\/\/synpaflex.irisa.fr\/fr\/wp-json\/wp\/v2\/media?parent=131"}],"curies":[{"name":"wp","href":"https:\/\/api.w.org\/{rel}","templated":true}]}}