

{"id":4,"date":"2011-12-08T11:55:34","date_gmt":"2011-12-08T11:55:34","guid":{"rendered":"http:\/\/project.inria.fr\/template1\/?page_id=4"},"modified":"2016-01-26T08:36:06","modified_gmt":"2016-01-26T07:36:06","slug":"home","status":"publish","type":"page","link":"http:\/\/synpaflex.irisa.fr\/fr\/","title":{"rendered":"Accueil"},"content":{"rendered":"<p>SynPaFlex est un projet financ\u00e9 par l&rsquo;ANR dont l&rsquo;objectif est l&rsquo;am\u00e9lioration des moteurs de synth\u00e8se de la parole \u00e0 partir du texte \u00e0 travers deux axes de recherche principaux:<\/p>\n<ul>\n<li>La mod\u00e9lisation et la pr\u00e9diction de variantes de prononciation<\/li>\n<li>La mod\u00e9lisation et la pr\u00e9diction d&rsquo;une prosodie adapt\u00e9e au contexte d&rsquo;\u00e9locution<\/li>\n<\/ul>\n<p>Les principales applications vis\u00e9es se trouvent dans les domaines du divertissement (livres audio, jeux vid\u00e9o), des jeux s\u00e9rieux (environnements virtuels), de l&rsquo;apprentissage des langues (dict\u00e9e, style d&rsquo;\u00e9locution) ou encore pour la construction d&rsquo;aides vocales.<\/p>\n<p>Ce projet est port\u00e9 par l&rsquo;IRISA et implique des membres du LLF (Laboratoire de Linguistique Formelle) ainsi que de l&rsquo;ATILF.<\/p>","protected":false},"excerpt":{"rendered":"<p>SynPaFlex est un projet financ\u00e9 par l&rsquo;ANR dont l&rsquo;objectif est l&rsquo;am\u00e9lioration des moteurs de synth\u00e8se de la parole \u00e0 partir du texte \u00e0 travers deux axes de recherche principaux: La mod\u00e9lisation et la pr\u00e9diction de variantes de prononciation La mod\u00e9lisation et la pr\u00e9diction d&rsquo;une prosodie adapt\u00e9e au contexte d&rsquo;\u00e9locution Les principales applications vis\u00e9es se trouvent &hellip; <\/p>\n<p><a class=\"more-link btn\" href=\"http:\/\/synpaflex.irisa.fr\/fr\/\">Lire la suite<\/a><\/p>\n","protected":false},"author":1,"featured_media":0,"parent":0,"menu_order":0,"comment_status":"closed","ping_status":"open","template":"","meta":{"footnotes":""},"class_list":["post-4","page","type-page","status-publish","hentry","nodate","item-wrap"],"_links":{"self":[{"href":"http:\/\/synpaflex.irisa.fr\/fr\/wp-json\/wp\/v2\/pages\/4","targetHints":{"allow":["GET"]}}],"collection":[{"href":"http:\/\/synpaflex.irisa.fr\/fr\/wp-json\/wp\/v2\/pages"}],"about":[{"href":"http:\/\/synpaflex.irisa.fr\/fr\/wp-json\/wp\/v2\/types\/page"}],"author":[{"embeddable":true,"href":"http:\/\/synpaflex.irisa.fr\/fr\/wp-json\/wp\/v2\/users\/1"}],"replies":[{"embeddable":true,"href":"http:\/\/synpaflex.irisa.fr\/fr\/wp-json\/wp\/v2\/comments?post=4"}],"version-history":[{"count":10,"href":"http:\/\/synpaflex.irisa.fr\/fr\/wp-json\/wp\/v2\/pages\/4\/revisions"}],"predecessor-version":[{"id":77,"href":"http:\/\/synpaflex.irisa.fr\/fr\/wp-json\/wp\/v2\/pages\/4\/revisions\/77"}],"wp:attachment":[{"href":"http:\/\/synpaflex.irisa.fr\/fr\/wp-json\/wp\/v2\/media?parent=4"}],"curies":[{"name":"wp","href":"https:\/\/api.w.org\/{rel}","templated":true}]}}