

{"id":83,"date":"2016-01-27T12:01:26","date_gmt":"2016-01-27T11:01:26","guid":{"rendered":"https:\/\/synpaflex.irisa.fr\/?page_id=83"},"modified":"2016-12-02T15:52:27","modified_gmt":"2016-12-02T14:52:27","slug":"members","status":"publish","type":"page","link":"http:\/\/synpaflex.irisa.fr\/fr\/members\/","title":{"rendered":"Membres"},"content":{"rendered":"<p><\/p>\n<ul>\n<li><a href=\"http:\/\/people.irisa.fr\/Damien.Lolive\/\">Damien Lolive<\/a>\u00a0(Coordinateur), IRISA<\/li>\n<li><a href=\"http:\/\/www.llf.cnrs.fr\/fr\/Gens\/Delais-Roussarie\">Elisabeth Delais-Roussarie<\/a>, LLF<\/li>\n<li>Katarina Bartkova, ATILF<\/li>\n<li><a href=\"http:\/\/people.irisa.fr\/Gwenole.Lecorve\/\">Gw\u00e9nol\u00e9 Lecorv\u00e9<\/a>, IRISA<\/li>\n<li><a href=\"http:\/\/marietahon.noath.net\">Marie Tahon<\/a>, IRISA, post-doc<\/li>\n<li>Ga\u00eblle Vidal, IRISA, IGE<\/li>\n<li>Aghilas Sini, IRISA\/LLF, Doctorant<\/li>\n<\/ul>\n<p><\/p>","protected":false},"excerpt":{"rendered":"<p>Damien Lolive\u00a0(Coordinateur), IRISA Elisabeth Delais-Roussarie, LLF Katarina Bartkova, ATILF Gw\u00e9nol\u00e9 Lecorv\u00e9, IRISA Marie Tahon, IRISA, post-doc Ga\u00eblle Vidal, IRISA, IGE Aghilas Sini, IRISA\/LLF, Doctorant<\/p>\n","protected":false},"author":906,"featured_media":0,"parent":0,"menu_order":0,"comment_status":"closed","ping_status":"closed","template":"","meta":{"footnotes":""},"class_list":["post-83","page","type-page","status-publish","hentry","nodate","item-wrap"],"_links":{"self":[{"href":"http:\/\/synpaflex.irisa.fr\/fr\/wp-json\/wp\/v2\/pages\/83","targetHints":{"allow":["GET"]}}],"collection":[{"href":"http:\/\/synpaflex.irisa.fr\/fr\/wp-json\/wp\/v2\/pages"}],"about":[{"href":"http:\/\/synpaflex.irisa.fr\/fr\/wp-json\/wp\/v2\/types\/page"}],"author":[{"embeddable":true,"href":"http:\/\/synpaflex.irisa.fr\/fr\/wp-json\/wp\/v2\/users\/906"}],"replies":[{"embeddable":true,"href":"http:\/\/synpaflex.irisa.fr\/fr\/wp-json\/wp\/v2\/comments?post=83"}],"version-history":[{"count":11,"href":"http:\/\/synpaflex.irisa.fr\/fr\/wp-json\/wp\/v2\/pages\/83\/revisions"}],"predecessor-version":[{"id":117,"href":"http:\/\/synpaflex.irisa.fr\/fr\/wp-json\/wp\/v2\/pages\/83\/revisions\/117"}],"wp:attachment":[{"href":"http:\/\/synpaflex.irisa.fr\/fr\/wp-json\/wp\/v2\/media?parent=83"}],"curies":[{"name":"wp","href":"https:\/\/api.w.org\/{rel}","templated":true}]}}